{"id":256,"date":"2024-10-07T07:54:03","date_gmt":"2024-10-07T05:54:03","guid":{"rendered":"https:\/\/www.topstick.cz\/?page_id=256"},"modified":"2024-11-21T08:07:47","modified_gmt":"2024-11-21T07:07:47","slug":"kariera_detail","status":"publish","type":"page","link":"https:\/\/www.topstick.cz\/index.php\/kariera_detail\/","title":{"rendered":"Kariera_detail"},"content":{"rendered":"\n<figure class=\"wp-block-gallery has-nested-images columns-default is-cropped wp-block-gallery-1 is-layout-flex wp-block-gallery-is-layout-flex\">\n<figure class=\"wp-block-image size-large\"><img loading=\"lazy\" decoding=\"async\" width=\"1024\" height=\"684\" data-id=\"263\" src=\"https:\/\/www.topstick.cz\/wp-content\/uploads\/2024\/10\/Stickmaschinenfuhrer_3-1024x684.jpg\" alt=\"\" class=\"wp-image-263\" srcset=\"https:\/\/www.topstick.cz\/wp-content\/uploads\/2024\/10\/Stickmaschinenfuhrer_3-1024x684.jpg 1024w, https:\/\/www.topstick.cz\/wp-content\/uploads\/2024\/10\/Stickmaschinenfuhrer_3-300x200.jpg 300w, https:\/\/www.topstick.cz\/wp-content\/uploads\/2024\/10\/Stickmaschinenfuhrer_3-768x513.jpg 768w, https:\/\/www.topstick.cz\/wp-content\/uploads\/2024\/10\/Stickmaschinenfuhrer_3-1536x1026.jpg 1536w, https:\/\/www.topstick.cz\/wp-content\/uploads\/2024\/10\/Stickmaschinenfuhrer_3-2048x1368.jpg 2048w\" sizes=\"auto, (max-width: 1024px) 100vw, 1024px\" \/><\/figure>\n\n\n\n<figure class=\"wp-block-image size-large\"><img loading=\"lazy\" decoding=\"async\" width=\"1024\" height=\"684\" data-id=\"98\" src=\"https:\/\/www.topstick.cz\/wp-content\/uploads\/2024\/07\/Stickmaschinenfuhrer_2-1024x684.jpg\" alt=\"\" class=\"wp-image-98\" srcset=\"https:\/\/www.topstick.cz\/wp-content\/uploads\/2024\/07\/Stickmaschinenfuhrer_2-1024x684.jpg 1024w, https:\/\/www.topstick.cz\/wp-content\/uploads\/2024\/07\/Stickmaschinenfuhrer_2-300x200.jpg 300w, https:\/\/www.topstick.cz\/wp-content\/uploads\/2024\/07\/Stickmaschinenfuhrer_2-768x513.jpg 768w, https:\/\/www.topstick.cz\/wp-content\/uploads\/2024\/07\/Stickmaschinenfuhrer_2-1536x1026.jpg 1536w, https:\/\/www.topstick.cz\/wp-content\/uploads\/2024\/07\/Stickmaschinenfuhrer_2-2048x1368.jpg 2048w\" sizes=\"auto, (max-width: 1024px) 100vw, 1024px\" \/><\/figure>\n<\/figure>\n\n\n\n<p class=\"has-x-large-font-size\"><strong>Strojn\u00ed vy\u0161\u00edva\u010d\/ka<\/strong><\/p>\n\n\n\n<p style=\"padding-top:0px;padding-bottom:0px;font-style:normal;font-weight:500;line-height:1.4\">Hled\u00e1te pestrou, aktivn\u00ed pr\u00e1ci a nechcete st\u00e1le sed\u011bt u stolu? Db\u00e1te na kvalitu, m\u00e1te smysl pro detail a r\u00e1di byste si vyzkou\u0161eli sv\u00e9 ru\u010dn\u00ed dovednosti? Je pro v\u00e1s d\u016fle\u017eit\u00e9 pracovat bl\u00edzko bydli\u0161t\u011b?<\/p>\n\n\n\n<p style=\"padding-top:0px;padding-bottom:0px;font-style:normal;font-weight:500;line-height:1.4\">Pak jste na spr\u00e1vn\u00e9m m\u00edst\u011b!<\/p>\n\n\n\n<h4 class=\"wp-block-heading has-large-font-size\" style=\"font-style:italic;font-weight:900\"><strong>Tradi\u010dn\u00ed \u0159emesln\u00e1 v\u00fdroba pro mezin\u00e1rodn\u00ed luxusn\u00ed m\u00f3du.<\/strong><\/h4>\n\n\n\n<p style=\"font-style:normal;font-weight:500;line-height:1.4\">My, spole\u010dnost Topstick z Kraslic, jsme sou\u010d\u00e1st\u00ed rodinn\u00e9 firmy M\u00fcller GmbH se s\u00eddlem v Diespecku u Norimberka. Firma M\u00fcller m\u00e1 sv\u00e9 ko\u0159eny v sousedn\u00edm n\u011bmeck\u00e9m Klingenthalu.<\/p>\n\n\n\n<p style=\"font-style:normal;font-weight:500;line-height:1.4\">Mezi na\u0161e z\u00e1kazn\u00edky m\u016f\u017eeme po\u010d\u00edtat zn\u00e1m\u00e9 textiln\u00ed zna\u010dky ze sv\u011bta luxusn\u00ed m\u00f3dy. Na\u0161e v\u00fd\u0161ivky je vid\u011bt na v\u00fdznamn\u00fdch p\u0159ehl\u00eddkov\u00fdch molech &#8211; od Pa\u0159\u00ed\u017ee p\u0159es Lond\u00fdn, Mil\u00e1no a\u017e po New York. Jako vysoce v\u00fdkonn\u00e1 firma se 120letou tradic\u00ed (v Kraslic\u00edch ji\u017e v\u00edce ne\u017e 30 let) pracujeme v\u017edy s v\u00e1\u0161n\u00ed. Smysl pro t\u00fdm, kolegi\u00e1ln\u00ed pracovn\u00ed prost\u0159ed\u00ed a n\u00edzk\u00e1 hierarchie charakterizuj\u00ed na\u0161i firemn\u00ed kulturu.<\/p>\n\n\n\n<p style=\"letter-spacing:7px\"><strong>Spojte s n\u00e1mi tradi\u010dn\u00ed \u0159emeslo a exkluzivn\u00ed m\u00f3du.<\/strong><\/p>\n\n\n\n<p style=\"line-height:1.4\"><strong><em>Va\u0161e \u00fakoly:<\/em><\/strong><\/p>\n\n\n\n<p style=\"font-style:normal;font-weight:500;line-height:1.4\">&#8211; obsluha a kontrola modern\u00edch automatick\u00fdch vy\u0161\u00edvac\u00edch stroj\u016f<br>&#8211; p\u0159\u00edprava v\u00fd\u0161ivek, kontrola a \u00faprava nastaven\u00ed stroj\u016f<br>&#8211; kontrola a dokumentace krit\u00e9ri\u00ed kvality<br>&#8211; v\u00fdroba v\u00fd\u0161ivek pro vysoce kvalitn\u00ed od\u011bvy pro Pa\u0159\u00ed\u017e, New York nebo\u00a0Hollywood<br>&#8211; svou \u0159emeslnou zru\u010dnost\u00ed ovliv\u0148ujete v\u00fdsledek v\u00fd\u0161ivky<\/p>\n\n\n\n<p><strong><em>V\u00e1\u0161 profil:<\/em><\/strong><\/p>\n\n\n\n<p style=\"font-style:normal;font-weight:500;line-height:1.4\">&#8211; vyu\u010den\u00ed v oboru je v\u00fdhodou, ale nen\u00ed podm\u00ednkou<br>&#8211; intenzivn\u00ed za\u0161kolen\u00ed prob\u011bhne na m\u00edst\u011b<br>&#8211; smysl pro kvalitu, pro detail<br>&#8211; \u0159emesln\u00e1 zru\u010dnost s prac\u00ed s textilem<br>&#8211; vysok\u00e1 flexibilita, nasazen\u00ed, smysl pro t\u00fdm a spolehlivost<br>&#8211; znalost n\u011bmeck\u00e9ho jazyka je v\u00fdhodou, ale nen\u00ed podm\u00ednkou<\/p>\n\n\n\n<p style=\"letter-spacing:7px\"><strong>Sta\u0148te se sou\u010d\u00e1st\u00ed spole\u010dnosti Topstick!<\/strong><\/p>\n\n\n\n<p><\/p>\n","protected":false},"excerpt":{"rendered":"<p>Strojn\u00ed vy\u0161\u00edva\u010d\/ka Hled\u00e1te pestrou, aktivn\u00ed pr\u00e1ci a nechcete st\u00e1le sed\u011bt u stolu? Db\u00e1te na kvalitu, m\u00e1te smysl pro detail a r\u00e1di byste si vyzkou\u0161eli sv\u00e9 ru\u010dn\u00ed dovednosti? Je pro v\u00e1s d\u016fle\u017eit\u00e9 pracovat bl\u00edzko bydli\u0161t\u011b? Pak jste na spr\u00e1vn\u00e9m m\u00edst\u011b! Tradi\u010dn\u00ed \u0159emesln\u00e1 v\u00fdroba pro mezin\u00e1rodn\u00ed luxusn\u00ed m\u00f3du. My, spole\u010dnost Topstick z Kraslic, jsme sou\u010d\u00e1st\u00ed rodinn\u00e9 firmy [&hellip;]<\/p>\n","protected":false},"author":1,"featured_media":0,"parent":0,"menu_order":0,"comment_status":"closed","ping_status":"closed","template":"","meta":{"footnotes":""},"class_list":["post-256","page","type-page","status-publish","hentry"],"_links":{"self":[{"href":"https:\/\/www.topstick.cz\/index.php\/wp-json\/wp\/v2\/pages\/256","targetHints":{"allow":["GET"]}}],"collection":[{"href":"https:\/\/www.topstick.cz\/index.php\/wp-json\/wp\/v2\/pages"}],"about":[{"href":"https:\/\/www.topstick.cz\/index.php\/wp-json\/wp\/v2\/types\/page"}],"author":[{"embeddable":true,"href":"https:\/\/www.topstick.cz\/index.php\/wp-json\/wp\/v2\/users\/1"}],"replies":[{"embeddable":true,"href":"https:\/\/www.topstick.cz\/index.php\/wp-json\/wp\/v2\/comments?post=256"}],"version-history":[{"count":5,"href":"https:\/\/www.topstick.cz\/index.php\/wp-json\/wp\/v2\/pages\/256\/revisions"}],"predecessor-version":[{"id":356,"href":"https:\/\/www.topstick.cz\/index.php\/wp-json\/wp\/v2\/pages\/256\/revisions\/356"}],"wp:attachment":[{"href":"https:\/\/www.topstick.cz\/index.php\/wp-json\/wp\/v2\/media?parent=256"}],"curies":[{"name":"wp","href":"https:\/\/api.w.org\/{rel}","templated":true}]}}