{"id":351,"date":"2024-11-21T07:58:55","date_gmt":"2024-11-21T06:58:55","guid":{"rendered":"https:\/\/www.topstick.cz\/?page_id=351"},"modified":"2025-02-17T11:21:46","modified_gmt":"2025-02-17T10:21:46","slug":"gdpr","status":"publish","type":"page","link":"https:\/\/www.topstick.cz\/index.php\/gdpr\/","title":{"rendered":"GDPR"},"content":{"rendered":"\n<p class=\"has-text-align-center has-x-large-font-size\"><strong><a href=\"http:\/\/www.topstick.cz\">Topstick<\/a><\/strong><\/p>\n\n\n\n<h2 class=\"wp-block-heading has-text-align-center\">IMPRESUM<\/h2>\n\n\n\n<p class=\"has-text-align-center has-medium-font-size\" style=\"font-style:normal;font-weight:500\"><strong>Topstick strojn\u00ed vy\u0161\u00edv\u00e1n\u00ed s.r.o.<\/strong><br>V&nbsp;z\u00e1ti\u0161\u00ed 739<br>35801 Kraslice<br>\u010cESK\u00c1 REPUBLIKA<\/p>\n\n\n\n<p class=\"has-text-align-center has-medium-font-size\" style=\"font-style:normal;font-weight:500\"><strong>tel.<\/strong> +420 352 686 118<br><strong>email:<\/strong> info@topstick.cz<\/p>\n\n\n\n<p class=\"has-text-align-center\" style=\"font-style:normal;font-weight:500\"><strong>jednatel: <\/strong>Stefan Glass<\/p>\n\n\n\n<p class=\"has-text-align-center has-medium-font-size\" style=\"font-style:normal;font-weight:500\"><strong>I\u010cO <\/strong>45349541<br><strong>DI\u010c<\/strong> CZ45349541<\/p>\n\n\n\n<p><\/p>\n\n\n\n<p><strong>Upozorn\u011bn\u00ed na odpov\u011bdnost:<\/strong><\/p>\n\n\n\n<p>P\u0159es pe\u010dlivou kontrolu obsahu nep\u0159eb\u00edr\u00e1me \u017e\u00e1dnou odpov\u011bdnost za obsah extern\u00edch odkaz\u016f. Za obsah odkazovan\u00fdch str\u00e1nek odpov\u00eddaj\u00ed v\u00fdhradn\u011b jejich provozovatel\u00e9.<\/p>\n\n\n\n<p>Spole\u010dnost odpov\u011bdn\u00e1 za ochranu osobn\u00edch \u00fadaj\u016f:<\/p>\n\n\n\n<p>Franti\u0161ek Erben<\/p>\n\n\n\n<p>Bukov\u00e1 451<\/p>\n\n\n\n<p>27361 Velk\u00e1 Dobr\u00e1<\/p>\n\n\n\n<p><strong>OCHRANA OSOBN\u00cdCH \u00daDAJ\u00da<\/strong><\/p>\n\n\n\n<p><strong>1. p\u0159ehled ochrany \u00fadaj\u016f<\/strong><\/p>\n\n\n\n<p>Obecn\u00e9 informace<\/p>\n\n\n\n<p>N\u00e1sleduj\u00edc\u00ed informace poskytuj\u00ed jednoduch\u00fd p\u0159ehled o tom, co se d\u011bje s va\u0161imi osobn\u00edmi \u00fadaji, kdy\u017e nav\u0161t\u00edv\u00edte tyto webov\u00e9 str\u00e1nky. Osobn\u00ed \u00fadaje jsou ve\u0161ker\u00e9 \u00fadaje, kter\u00e9 lze pou\u017e\u00edt k va\u0161\u00ed osobn\u00ed identifikaci. Podrobn\u00e9 informace k t\u00e9matu ochrany osobn\u00edch \u00fadaj\u016f naleznete v na\u0161em prohl\u00e1\u0161en\u00ed o ochran\u011b osobn\u00edch \u00fadaj\u016f uveden\u00e9m pod t\u00edmto textem.<\/p>\n\n\n\n<p>Shroma\u017e\u010fov\u00e1n\u00ed \u00fadaj\u016f na t\u011bchto webov\u00fdch str\u00e1nk\u00e1ch<\/p>\n\n\n\n<p>Kdo je zodpov\u011bdn\u00fd za shroma\u017e\u010fov\u00e1n\u00ed \u00fadaj\u016f na t\u011bchto webov\u00fdch str\u00e1nk\u00e1ch?<\/p>\n\n\n\n<p>Zpracov\u00e1n\u00ed \u00fadaj\u016f na t\u011bchto webov\u00fdch str\u00e1nk\u00e1ch prov\u00e1d\u00ed provozovatel webov\u00fdch str\u00e1nek. Kontaktn\u00ed \u00fadaje provozovatele naleznete v \u010d\u00e1sti \u201eInformace o spr\u00e1vci\u201c t\u011bchto z\u00e1sad ochrany osobn\u00edch \u00fadaj\u016f.<\/p>\n\n\n\n<p>Jak shroma\u017e\u010fujeme va\u0161e \u00fadaje?<\/p>\n\n\n\n<p>Va\u0161e \u00fadaje jsou shroma\u017e\u010fov\u00e1ny automaticky nebo s va\u0161\u00edm souhlasem na\u0161imi IT syst\u00e9my p\u0159i n\u00e1v\u0161t\u011bv\u011b webov\u00fdch str\u00e1nek. Jedn\u00e1 se p\u0159edev\u0161\u00edm o technick\u00e9 \u00fadaje (nap\u0159. internetov\u00fd prohl\u00ed\u017ee\u010d, opera\u010dn\u00ed syst\u00e9m nebo \u010das zobrazen\u00ed str\u00e1nky). Tyto \u00fadaje jsou shroma\u017e\u010fov\u00e1ny automaticky, jakmile vstoup\u00edte na tyto webov\u00e9 str\u00e1nky.<\/p>\n\n\n\n<p>K \u010demu va\u0161e \u00fadaje pou\u017e\u00edv\u00e1me?<\/p>\n\n\n\n<p>N\u011bkter\u00e9 \u00fadaje jsou shroma\u017e\u010fov\u00e1ny za \u00fa\u010delem zaji\u0161t\u011bn\u00ed bezchybn\u00e9ho fungov\u00e1n\u00ed webov\u00fdch str\u00e1nek. Dal\u0161\u00ed \u00fadaje mohou b\u00fdt pou\u017eity k anal\u00fdze va\u0161eho u\u017eivatelsk\u00e9ho chov\u00e1n\u00ed.<\/p>\n\n\n\n<p>Jak\u00e1 m\u00e1te pr\u00e1va t\u00fdkaj\u00edc\u00ed se va\u0161ich \u00fadaj\u016f?<\/p>\n\n\n\n<p>M\u00e1te pr\u00e1vo kdykoli bezplatn\u011b z\u00edskat informace o p\u016fvodu, p\u0159\u00edjemci a \u00fa\u010delu ulo\u017een\u00fdch osobn\u00edch \u00fadaj\u016f. M\u00e1te tak\u00e9 pr\u00e1vo po\u017e\u00e1dat o opravu nebo vymaz\u00e1n\u00ed t\u011bchto \u00fadaj\u016f. Pokud jste ud\u011blili souhlas se zpracov\u00e1n\u00edm \u00fadaj\u016f, m\u016f\u017eete tento souhlas kdykoli do budoucna odvolat. Za ur\u010dit\u00fdch okolnost\u00ed m\u00e1te rovn\u011b\u017e pr\u00e1vo po\u017eadovat omezen\u00ed zpracov\u00e1n\u00ed sv\u00fdch osobn\u00edch \u00fadaj\u016f. M\u00e1te tak\u00e9 pr\u00e1vo podat st\u00ed\u017enost u p\u0159\u00edslu\u0161n\u00e9ho dozorov\u00e9ho \u00fa\u0159adu. V p\u0159\u00edpad\u011b dal\u0161\u00edch dotaz\u016f t\u00fdkaj\u00edc\u00edch se ochrany osobn\u00edch \u00fadaj\u016f se na n\u00e1s m\u016f\u017eete kdykoli obr\u00e1tit.<\/p>\n\n\n\n<p><strong>2. Hosting<\/strong><\/p>\n\n\n\n<p>Extern\u00ed hosting<\/p>\n\n\n\n<p>Tyto webov\u00e9 str\u00e1nky jsou hostov\u00e1ny extern\u00edm poskytovatelem slu\u017eeb (hostingem).<\/p>\n\n\n\n<p>Adresa:<\/p>\n\n\n\n<p>ALVA IT spol s r.o.<br>Star\u00e9 N\u00e1m\u011bst\u00ed 137,<br>356 01  Sokolov<\/p>\n\n\n\n<p>Osobn\u00ed \u00fadaje shrom\u00e1\u017ed\u011bn\u00e9 na t\u011bchto webov\u00fdch str\u00e1nk\u00e1ch jsou ulo\u017eeny na serverech hostitele. M\u016f\u017ee se jednat o IP adresy, po\u017eadavky na kontakt, meta a komunika\u010dn\u00ed \u00fadaje, smluvn\u00ed \u00fadaje, kontaktn\u00ed \u00fadaje, jm\u00e9na, p\u0159\u00edstupy na webov\u00e9 str\u00e1nky a dal\u0161\u00ed \u00fadaje generovan\u00e9 prost\u0159ednictv\u00edm webov\u00e9 str\u00e1nky. Hoster je pou\u017e\u00edv\u00e1n za \u00fa\u010delem pln\u011bn\u00ed smlouvy s na\u0161imi potenci\u00e1ln\u00edmi a st\u00e1vaj\u00edc\u00edmi z\u00e1kazn\u00edky a v z\u00e1jmu bezpe\u010dn\u00e9ho, rychl\u00e9ho a efektivn\u00edho poskytov\u00e1n\u00ed na\u0161\u00ed online nab\u00eddky profesion\u00e1ln\u00edm poskytovatelem. N\u00e1\u0161 hosting bude zpracov\u00e1vat va\u0161e \u00fadaje pouze v rozsahu nezbytn\u00e9m pro pln\u011bn\u00ed sv\u00fdch povinnost\u00ed a bude se \u0159\u00eddit na\u0161imi pokyny ohledn\u011b t\u011bchto \u00fadaj\u016f.<\/p>\n\n\n\n<p>S v\u00fd\u0161e uveden\u00fdm poskytovatelem jsme uzav\u0159eli smlouvu o zpracov\u00e1n\u00ed dat ?????? Jedn\u00e1 se o smlouvu p\u0159edepsanou z\u00e1konem o ochran\u011b osobn\u00edch \u00fadaj\u016f, kter\u00e1 zaru\u010duje, \u017ee poskytovatel bude plnit osobn\u00ed \u00fadaje n\u00e1v\u0161t\u011bvn\u00edk\u016f na\u0161ich webov\u00fdch str\u00e1nek pouze v souladu s na\u0161imi pokyny a v souladu s GDPR.<\/p>\n\n\n\n<p><strong>3. Obecn\u00e9 pozn\u00e1mky a povinn\u00e9 informace<\/strong><\/p>\n\n\n\n<p>Ochrana \u00fadaj\u016f<\/p>\n\n\n\n<p>Provozovatel\u00e9 t\u011bchto str\u00e1nek berou ochranu va\u0161ich osobn\u00edch \u00fadaj\u016f velmi v\u00e1\u017en\u011b. S va\u0161imi osobn\u00edmi \u00fadaji zach\u00e1z\u00edme d\u016fv\u011brn\u011b a v souladu se z\u00e1konn\u00fdmi p\u0159edpisy o ochran\u011b osobn\u00edch \u00fadaj\u016f a t\u011bmito z\u00e1sadami ochrany osobn\u00edch \u00fadaj\u016f.<\/p>\n\n\n\n<p>P\u0159i pou\u017e\u00edv\u00e1n\u00ed t\u011bchto webov\u00fdch str\u00e1nek jsou shroma\u017e\u010fov\u00e1ny r\u016fzn\u00e9 osobn\u00ed \u00fadaje. Osobn\u00ed \u00fadaje jsou \u00fadaje, kter\u00e9 lze pou\u017e\u00edt k va\u0161\u00ed osobn\u00ed identifikaci. Tyto z\u00e1sady ochrany osobn\u00edch \u00fadaj\u016f vysv\u011btluj\u00ed, jak\u00e9 \u00fadaje shroma\u017e\u010fujeme a k \u010demu je pou\u017e\u00edv\u00e1me. Vysv\u011btluj\u00ed tak\u00e9, jak a za jak\u00fdm \u00fa\u010delem se tak d\u011bje.<\/p>\n\n\n\n<p>R\u00e1di bychom upozornili, \u017ee p\u0159enos dat p\u0159es internet (nap\u0159. p\u0159i komunikaci emailem) m\u016f\u017ee b\u00fdt zat\u00ed\u017een bezpe\u010dnostn\u00edmi slabinami. \u00dapln\u00e1 ochrana \u00fadaj\u016f p\u0159ed p\u0159\u00edstupem t\u0159et\u00edch stran nen\u00ed mo\u017en\u00e1.<\/p>\n\n\n\n<p>Pozn\u00e1mka k odpov\u011bdn\u00e9mu subjektu<\/p>\n\n\n\n<p>Spr\u00e1vcem odpov\u011bdn\u00fdm za zpracov\u00e1n\u00ed \u00fadaj\u016f na t\u011bchto webov\u00fdch str\u00e1nk\u00e1ch je<\/p>\n\n\n\n<p>Topstick strojn\u00ed vy\u0161\u00edv\u00e1n\u00ed s.r.o.<\/p>\n\n\n\n<p>V&nbsp;z\u00e1ti\u0161\u00ed 739<\/p>\n\n\n\n<p>35801 Kraslice<\/p>\n\n\n\n<p>\u010cESK\u00c1 REPUBLIKA<\/p>\n\n\n\n<p>tel. 00420 352 868118<\/p>\n\n\n\n<p>email: info@topstick.cz<\/p>\n\n\n\n<p>Zodpov\u011bdn\u00e1 pr\u00e1vn\u00ed osoba je osoba, kter\u00e1 sama nebo spole\u010dn\u011b s jin\u00fdmi rozhoduje o \u00fa\u010delu a prost\u0159edc\u00edch zpracov\u00e1n\u00ed osobn\u00edch dat (nap\u0159. jm\u00e9na, emailov\u00e9 adresy).<\/p>\n\n\n\n<p>Doba ulo\u017een\u00ed dat<\/p>\n\n\n\n<p>Pokud nen\u00ed v t\u011bchto z\u00e1sad\u00e1ch ochrany osobn\u00edch \u00fadaj\u016f uvedena konkr\u00e9tn\u011bj\u0161\u00ed doba ulo\u017een\u00ed, z\u016fstanou va\u0161e osobn\u00ed \u00fadaje u n\u00e1s, dokud nezmiz\u00ed \u00fa\u010del jejich zpracov\u00e1n\u00ed. Pokud uplatn\u00edte opr\u00e1vn\u011bnou \u017e\u00e1dost o v\u00fdmaz nebo odvol\u00e1te sv\u016fj souhlas se zpracov\u00e1n\u00edm \u00fadaj\u016f, budou va\u0161e \u00fadaje vymaz\u00e1ny, pokud nem\u00e1me jin\u00e9 pr\u00e1vn\u011b p\u0159\u00edpustn\u00e9 d\u016fvody pro uchov\u00e1v\u00e1n\u00ed va\u0161ich osobn\u00edch \u00fadaj\u016f (nap\u0159. doby uchov\u00e1v\u00e1n\u00ed podle da\u0148ov\u00e9ho nebo obchodn\u00edho pr\u00e1va); v druh\u00e9m p\u0159\u00edpad\u011b dojde k v\u00fdmazu pot\u00e9, co tyto d\u016fvody pominou.<\/p>\n\n\n\n<p>Pov\u011b\u0159enec pro ochranu osobn\u00edch \u00fadaj\u016f<\/p>\n\n\n\n<p>Na\u0161e spole\u010dnost pov\u011b\u0159ila ochranou osobn\u00edch \u00fadaj\u016f:<\/p>\n\n\n\n<p>Franti\u0161ek Erben<\/p>\n\n\n\n<p>Bukov\u00e1 451<\/p>\n\n\n\n<p>27361 Velk\u00e1 Dobr\u00e1<\/p>\n\n\n\n<p><strong>4. Shroma\u017e\u010fov\u00e1n\u00ed \u00fadaj\u016f na t\u011bchto webov\u00fdch str\u00e1nk\u00e1ch<\/strong><\/p>\n\n\n\n<p>Soubory cookie<\/p>\n\n\n\n<p>Na\u0161e internetov\u00e9 str\u00e1nky pou\u017e\u00edvaj\u00ed tzv. \u201ecookies\u201c. Cookies jsou mal\u00e9 textov\u00e9 soubory a nezp\u016fsobuj\u00ed \u017e\u00e1dn\u00e9 po\u0161kozen\u00ed va\u0161eho koncov\u00e9ho za\u0159\u00edzen\u00ed. Ve va\u0161em za\u0159\u00edzen\u00ed se ukl\u00e1daj\u00ed bu\u010f do\u010dasn\u011b po dobu trv\u00e1n\u00ed relace (session cookies), nebo trvale (permanent cookies). Soubory rela\u010dn\u00edch cookies se automaticky vyma\u017eou po skon\u010den\u00ed va\u0161\u00ed n\u00e1v\u0161t\u011bvy. Trval\u00e9 cookie soubory z\u016fst\u00e1vaj\u00ed ulo\u017eeny ve va\u0161em koncov\u00e9m za\u0159\u00edzen\u00ed, dokud je sami nevyma\u017eete nebo dokud je automaticky nevyma\u017ee v\u00e1\u0161 webov\u00fd prohl\u00ed\u017ee\u010d.<\/p>\n\n\n\n<p>V n\u011bkter\u00fdch p\u0159\u00edpadech mohou b\u00fdt p\u0159i n\u00e1v\u0161t\u011bv\u011b na\u0161ich webov\u00fdch str\u00e1nek ve va\u0161em za\u0159\u00edzen\u00ed ulo\u017eeny tak\u00e9 soubory cookie t\u0159et\u00edch stran (soubory cookie t\u0159et\u00edch stran). Ty n\u00e1m nebo v\u00e1m umo\u017e\u0148uj\u00ed vyu\u017e\u00edvat ur\u010dit\u00e9 slu\u017eby spole\u010dnosti t\u0159et\u00ed strany (nap\u0159. soubory cookie pro zpracov\u00e1n\u00ed platebn\u00edch slu\u017eeb).<\/p>\n\n\n\n<p>Soubory cookie maj\u00ed r\u016fzn\u00e9 funkce. Mnoh\u00e9 soubory cookie jsou technicky nezbytn\u00e9, proto\u017ee n\u011bkter\u00e9 funkce webov\u00fdch str\u00e1nek by bez nich nefungovaly (nap\u0159. funkce n\u00e1kupn\u00edho ko\u0161\u00edku nebo zobrazov\u00e1n\u00ed vide\u00ed). Jin\u00e9 soubory cookie se pou\u017e\u00edvaj\u00ed k vyhodnocov\u00e1n\u00ed chov\u00e1n\u00ed u\u017eivatel\u016f nebo k zobrazov\u00e1n\u00ed reklamy.<\/p>\n\n\n\n<p>Soubory cookie, kter\u00e9 jsou nutn\u00e9 k proveden\u00ed procesu elektronick\u00e9 komunikace (nezbytn\u00e9 soubory cookie) nebo k zaji\u0161t\u011bn\u00ed ur\u010dit\u00fdch funkc\u00ed, kter\u00e9 jste si vy\u017e\u00e1dali (funk\u010dn\u00ed soubory cookie, nap\u0159. pro funkci n\u00e1kupn\u00edho ko\u0161\u00edku), nebo k optimalizaci webov\u00fdch str\u00e1nek (nap\u0159. soubory cookie pro m\u011b\u0159en\u00ed n\u00e1v\u0161t\u011bvnosti webu), se ukl\u00e1daj\u00ed, pokud nen\u00ed uveden jin\u00fd pr\u00e1vn\u00ed z\u00e1klad. Provozovatel webov\u00fdch str\u00e1nek m\u00e1 opr\u00e1vn\u011bn\u00fd z\u00e1jem na ukl\u00e1d\u00e1n\u00ed soubor\u016f cookie za \u00fa\u010delem technicky bezchybn\u00e9ho a optimalizovan\u00e9ho poskytov\u00e1n\u00ed sv\u00fdch slu\u017eeb. Pokud byl vy\u017e\u00e1d\u00e1n souhlas s ukl\u00e1d\u00e1n\u00edm soubor\u016f cookie, jsou dan\u00e9 soubory cookie ukl\u00e1d\u00e1ny v\u00fdhradn\u011b na z\u00e1klad\u011b tohoto souhlasu; souhlas lze kdykoli odvolat.<\/p>\n\n\n\n<p>Sv\u016fj prohl\u00ed\u017ee\u010d m\u016f\u017eete nastavit tak, abyste byli informov\u00e1ni o nastavov\u00e1n\u00ed soubor\u016f cookie a povolit soubory cookie pouze v jednotliv\u00fdch p\u0159\u00edpadech, vylou\u010dit p\u0159ij\u00edm\u00e1n\u00ed soubor\u016f cookie pro ur\u010dit\u00e9 p\u0159\u00edpady nebo obecn\u011b a aktivovat automatick\u00e9 maz\u00e1n\u00ed soubor\u016f cookie p\u0159i zav\u0159en\u00ed prohl\u00ed\u017ee\u010de. V p\u0159\u00edpad\u011b deaktivace soubor\u016f cookie m\u016f\u017ee b\u00fdt omezena funk\u010dnost t\u011bchto webov\u00fdch str\u00e1nek.<\/p>\n\n\n\n<p>Pokud jsou soubory cookie pou\u017e\u00edv\u00e1ny spole\u010dnostmi t\u0159et\u00edch stran nebo pro \u00fa\u010dely anal\u00fdzy, budeme v\u00e1s o tom informovat zvl\u00e1\u0161\u0165 v t\u011bchto z\u00e1sad\u00e1ch ochrany osobn\u00edch \u00fadaj\u016f a v p\u0159\u00edpad\u011b pot\u0159eby si vy\u017e\u00e1d\u00e1me v\u00e1\u0161 souhlas.<\/p>\n\n\n\n<p>Souhlas s rozsahem pou\u017eit\u00fdch cookies \u201eCookie Yes\u201d<\/p>\n\n\n\n<p>Tyto webov\u00e9 str\u00e1nky pou\u017e\u00edvaj\u00ed technologii souhlasu s pou\u017eit\u00edm cookies k z\u00edsk\u00e1n\u00ed va\u0161eho souhlasu s ukl\u00e1d\u00e1n\u00edm ur\u010dit\u00fdch soubor\u016f cookie na va\u0161em koncov\u00e9m za\u0159\u00edzen\u00ed nebo s pou\u017e\u00edv\u00e1n\u00edm ur\u010dit\u00fdch technologi\u00ed a k jejich zdokumentov\u00e1n\u00ed v souladu s p\u0159edpisy o ochran\u011b osobn\u00edch \u00fadaj\u016f. <\/p>\n\n\n\n<p>P\u0159i vstupu na na\u0161e webov\u00e9 str\u00e1nky jsou spole\u010dnosti ALVA IT spol s.r.o. p\u0159ed\u00e1ny n\u00e1sleduj\u00edc\u00ed osobn\u00ed \u00fadaje:<\/p>\n\n\n\n<p>&#8211; v\u00e1\u0161 souhlas (souhlasy) nebo odvol\u00e1n\u00ed souhlasu (souhlas\u016f)<\/p>\n\n\n\n<p>&#8211; va\u0161e IP adresa<\/p>\n\n\n\n<p>&#8211; informace o va\u0161em prohl\u00ed\u017ee\u010di<\/p>\n\n\n\n<p>&#8211; informace o va\u0161em koncov\u00e9m za\u0159\u00edzen\u00ed<\/p>\n\n\n\n<p>&#8211; \u010das va\u0161\u00ed n\u00e1v\u0161t\u011bvy webov\u00fdch str\u00e1nek<\/p>\n\n\n\n<p>ALVA IT d\u00e1le ukl\u00e1d\u00e1 do va\u0161eho prohl\u00ed\u017ee\u010de soubor cookie, aby bylo mo\u017en\u00e9 p\u0159i\u0159adit souhlasy, kter\u00e9 jste ud\u011blili nebo odvolali. Takto shrom\u00e1\u017ed\u011bn\u00e9 \u00fadaje se uchov\u00e1vaj\u00ed, dokud n\u00e1s nepo\u017e\u00e1d\u00e1te o jejich vymaz\u00e1n\u00ed, dokud sami nesma\u017eete soubor cookie Usercentrics nebo dokud nezmiz\u00ed \u00fa\u010del jejich ulo\u017een\u00ed. Povinn\u00e9 z\u00e1konn\u00e9 povinnosti uchov\u00e1v\u00e1n\u00ed \u00fadaj\u016f z\u016fst\u00e1vaj\u00ed nedot\u010deny.<\/p>\n\n\n\n<p>ALVA IT slou\u017e\u00ed k z\u00edsk\u00e1n\u00ed z\u00e1konem po\u017eadovan\u00e9ho souhlasu s pou\u017e\u00edv\u00e1n\u00edm ur\u010dit\u00fdch technologi\u00ed.<\/p>\n\n\n\n<p>Soubory protokolu serveru<\/p>\n\n\n\n<p>Provozovatel str\u00e1nek automaticky shroma\u017e\u010fuje a ukl\u00e1d\u00e1 informace do tzv. protokolov\u00fdch soubor\u016f serveru, kter\u00e9 n\u00e1m v\u00e1\u0161 prohl\u00ed\u017ee\u010d automaticky p\u0159ed\u00e1v\u00e1. Jedn\u00e1 se o<\/p>\n\n\n\n<p>&#8211; typ a verze prohl\u00ed\u017ee\u010de<\/p>\n\n\n\n<p>&#8211; pou\u017eit\u00fd opera\u010dn\u00ed syst\u00e9m<\/p>\n\n\n\n<p>&#8211; URL odkazu<\/p>\n\n\n\n<p>&#8211; n\u00e1zev hostitele p\u0159istupuj\u00edc\u00edho po\u010d\u00edta\u010de<\/p>\n\n\n\n<p>&#8211; \u010das dotazu na server<\/p>\n\n\n\n<p>&#8211; IP adresa<\/p>\n\n\n\n<p>Tyto \u00fadaje se neslu\u010duj\u00ed s jin\u00fdmi zdroji \u00fadaj\u016f.<\/p>\n\n\n\n<p>Provozovatel webov\u00fdch str\u00e1nek m\u00e1 opr\u00e1vn\u011bn\u00fd z\u00e1jem na technicky bezchybn\u00e9 prezentaci a optimalizaci sv\u00fdch webov\u00fdch str\u00e1nek &#8211; za t\u00edmto \u00fa\u010delem mus\u00ed b\u00fdt zaznamen\u00e1v\u00e1ny soubory protokolu serveru.<\/p>\n\n\n\n<p>Dotaz emailem nebo telefonicky<\/p>\n\n\n\n<p>Pokud n\u00e1s kontaktujete emailem nebo telefonicky, bude v\u00e1\u0161 dotaz v\u010detn\u011b v\u0161ech osobn\u00edch \u00fadaj\u016f (jm\u00e9no, dotaz) ulo\u017een a zpracov\u00e1n za \u00fa\u010delem vy\u0159\u00edzen\u00ed va\u0161eho po\u017eadavku. Tyto \u00fadaje nebudeme p\u0159ed\u00e1vat bez va\u0161eho souhlasu.<\/p>\n","protected":false},"excerpt":{"rendered":"<p>Topstick IMPRESUM Topstick strojn\u00ed vy\u0161\u00edv\u00e1n\u00ed s.r.o.V&nbsp;z\u00e1ti\u0161\u00ed 73935801 Kraslice\u010cESK\u00c1 REPUBLIKA tel. +420 352 686 118email: info@topstick.cz jednatel: Stefan Glass I\u010cO 45349541DI\u010c CZ45349541 Upozorn\u011bn\u00ed na odpov\u011bdnost: P\u0159es pe\u010dlivou kontrolu obsahu nep\u0159eb\u00edr\u00e1me \u017e\u00e1dnou odpov\u011bdnost za obsah extern\u00edch odkaz\u016f. Za obsah odkazovan\u00fdch str\u00e1nek odpov\u00eddaj\u00ed v\u00fdhradn\u011b jejich provozovatel\u00e9. Spole\u010dnost odpov\u011bdn\u00e1 za ochranu osobn\u00edch \u00fadaj\u016f: Franti\u0161ek Erben Bukov\u00e1 451 27361 Velk\u00e1 [&hellip;]<\/p>\n","protected":false},"author":1,"featured_media":0,"parent":0,"menu_order":0,"comment_status":"closed","ping_status":"closed","template":"","meta":{"footnotes":""},"class_list":["post-351","page","type-page","status-publish","hentry"],"_links":{"self":[{"href":"https:\/\/www.topstick.cz\/index.php\/wp-json\/wp\/v2\/pages\/351","targetHints":{"allow":["GET"]}}],"collection":[{"href":"https:\/\/www.topstick.cz\/index.php\/wp-json\/wp\/v2\/pages"}],"about":[{"href":"https:\/\/www.topstick.cz\/index.php\/wp-json\/wp\/v2\/types\/page"}],"author":[{"embeddable":true,"href":"https:\/\/www.topstick.cz\/index.php\/wp-json\/wp\/v2\/users\/1"}],"replies":[{"embeddable":true,"href":"https:\/\/www.topstick.cz\/index.php\/wp-json\/wp\/v2\/comments?post=351"}],"version-history":[{"count":9,"href":"https:\/\/www.topstick.cz\/index.php\/wp-json\/wp\/v2\/pages\/351\/revisions"}],"predecessor-version":[{"id":433,"href":"https:\/\/www.topstick.cz\/index.php\/wp-json\/wp\/v2\/pages\/351\/revisions\/433"}],"wp:attachment":[{"href":"https:\/\/www.topstick.cz\/index.php\/wp-json\/wp\/v2\/media?parent=351"}],"curies":[{"name":"wp","href":"https:\/\/api.w.org\/{rel}","templated":true}]}}