{"id":46,"date":"2024-07-15T10:55:46","date_gmt":"2024-07-15T08:55:46","guid":{"rendered":"https:\/\/www.topstick.cz\/?page_id=46"},"modified":"2024-11-21T08:07:33","modified_gmt":"2024-11-21T07:07:33","slug":"co-delame","status":"publish","type":"page","link":"https:\/\/www.topstick.cz\/index.php\/co-delame\/","title":{"rendered":"Co delame"},"content":{"rendered":"\n<h2 class=\"wp-block-heading\">CO D\u011aL\u00c1ME<\/h2>\n\n\n\n<p style=\"font-style:normal;font-weight:500;line-height:1.4\">Jsme t\u00fdm mnoha talent\u016f. Spojujeme \u0159emeslnou zru\u010dnost, kreativitu, dovednost, pe\u010dlivost, inovativn\u00ed n\u00e1pady a zku\u0161enosti.<\/p>\n\n\n\n<p style=\"font-style:normal;font-weight:500;line-height:1.4\">Na\u0161e filozofie kombinuj\u00edc\u00ed klasick\u00e9 vy\u0161\u00edvac\u00ed techniky s nejnov\u011bj\u0161\u00ed technologi\u00ed CAD n\u00e1m umo\u017e\u0148uje interpretovat textiln\u00ed um\u011bn\u00ed st\u00e1le nov\u00fdmi zp\u016fsoby.<\/p>\n\n\n\n<p style=\"font-style:normal;font-weight:500;line-height:1.4\">Ka\u017ed\u00e1 na\u0161e v\u00fd\u0161ivka je vz\u00e1cn\u00fdm kouskem luxusu. Pracujeme pro kolekce Haute Couture a Pr\u00eat-\u00e0-porter v Pa\u0159\u00ed\u017ei, Mil\u00e1n\u011b nebo New Yorku, zdob\u00edme vz\u00e1cn\u00e9 bytov\u00e9 textilie i v\u00fdrobky na zak\u00e1zku pro divadeln\u00ed a filmov\u00e9 sc\u00e9ny. Absolutn\u00ed kvalita je na\u0161\u00ed nejvy\u0161\u0161\u00ed prioritou. V na\u0161\u00ed firm\u011b v Kraslic\u00edch se specializujeme na vy\u0161\u00edv\u00e1n\u00ed na v\u00edcehlav\u00fdch vy\u0161\u00edvac\u00edch stroj\u00edch (automatick\u00e9 vy\u0161\u00edv\u00e1n\u00ed), ale prov\u00e1d\u00edme i drobn\u00e9 ru\u010dn\u00ed pr\u00e1ce.<\/p>\n\n\n\n<figure class=\"wp-block-gallery has-nested-images columns-default is-cropped wp-block-gallery-1 is-layout-flex wp-block-gallery-is-layout-flex\">\n<figure class=\"wp-block-image size-large\"><img loading=\"lazy\" decoding=\"async\" width=\"1024\" height=\"731\" data-id=\"239\" src=\"https:\/\/www.topstick.cz\/wp-content\/uploads\/2024\/09\/FR_9523de-1024x731.jpg\" alt=\"\" class=\"wp-image-239\" srcset=\"https:\/\/www.topstick.cz\/wp-content\/uploads\/2024\/09\/FR_9523de-1024x731.jpg 1024w, https:\/\/www.topstick.cz\/wp-content\/uploads\/2024\/09\/FR_9523de-300x214.jpg 300w, https:\/\/www.topstick.cz\/wp-content\/uploads\/2024\/09\/FR_9523de-768x549.jpg 768w, https:\/\/www.topstick.cz\/wp-content\/uploads\/2024\/09\/FR_9523de-1536x1097.jpg 1536w, https:\/\/www.topstick.cz\/wp-content\/uploads\/2024\/09\/FR_9523de-2048x1463.jpg 2048w\" sizes=\"auto, (max-width: 1024px) 100vw, 1024px\" \/><\/figure>\n\n\n\n<figure class=\"wp-block-image size-large\"><img loading=\"lazy\" decoding=\"async\" width=\"1024\" height=\"683\" data-id=\"236\" src=\"https:\/\/www.topstick.cz\/wp-content\/uploads\/2024\/09\/FR_9568e-1024x683.jpg\" alt=\"\" class=\"wp-image-236\" srcset=\"https:\/\/www.topstick.cz\/wp-content\/uploads\/2024\/09\/FR_9568e-1024x683.jpg 1024w, https:\/\/www.topstick.cz\/wp-content\/uploads\/2024\/09\/FR_9568e-300x200.jpg 300w, https:\/\/www.topstick.cz\/wp-content\/uploads\/2024\/09\/FR_9568e-768x512.jpg 768w, https:\/\/www.topstick.cz\/wp-content\/uploads\/2024\/09\/FR_9568e-1536x1024.jpg 1536w, https:\/\/www.topstick.cz\/wp-content\/uploads\/2024\/09\/FR_9568e-2048x1365.jpg 2048w\" sizes=\"auto, (max-width: 1024px) 100vw, 1024px\" \/><\/figure>\n\n\n\n<figure class=\"wp-block-image size-large\"><img loading=\"lazy\" decoding=\"async\" width=\"1024\" height=\"683\" data-id=\"233\" src=\"https:\/\/www.topstick.cz\/wp-content\/uploads\/2024\/09\/FR_9526d-1024x683.jpg\" alt=\"\" class=\"wp-image-233\" srcset=\"https:\/\/www.topstick.cz\/wp-content\/uploads\/2024\/09\/FR_9526d-1024x683.jpg 1024w, https:\/\/www.topstick.cz\/wp-content\/uploads\/2024\/09\/FR_9526d-300x200.jpg 300w, https:\/\/www.topstick.cz\/wp-content\/uploads\/2024\/09\/FR_9526d-768x512.jpg 768w, https:\/\/www.topstick.cz\/wp-content\/uploads\/2024\/09\/FR_9526d-1536x1024.jpg 1536w, https:\/\/www.topstick.cz\/wp-content\/uploads\/2024\/09\/FR_9526d-2048x1365.jpg 2048w\" sizes=\"auto, (max-width: 1024px) 100vw, 1024px\" \/><\/figure>\n\n\n\n<figure class=\"wp-block-image size-large\"><img loading=\"lazy\" decoding=\"async\" width=\"1024\" height=\"683\" data-id=\"234\" src=\"https:\/\/www.topstick.cz\/wp-content\/uploads\/2024\/09\/FR_9539d-1024x683.jpg\" alt=\"\" class=\"wp-image-234\" srcset=\"https:\/\/www.topstick.cz\/wp-content\/uploads\/2024\/09\/FR_9539d-1024x683.jpg 1024w, https:\/\/www.topstick.cz\/wp-content\/uploads\/2024\/09\/FR_9539d-300x200.jpg 300w, https:\/\/www.topstick.cz\/wp-content\/uploads\/2024\/09\/FR_9539d-768x512.jpg 768w, https:\/\/www.topstick.cz\/wp-content\/uploads\/2024\/09\/FR_9539d-1536x1024.jpg 1536w, https:\/\/www.topstick.cz\/wp-content\/uploads\/2024\/09\/FR_9539d-2048x1365.jpg 2048w\" sizes=\"auto, (max-width: 1024px) 100vw, 1024px\" \/><\/figure>\n\n\n\n<figure class=\"wp-block-image size-large\"><img loading=\"lazy\" decoding=\"async\" width=\"1024\" height=\"683\" data-id=\"235\" src=\"https:\/\/www.topstick.cz\/wp-content\/uploads\/2024\/09\/FR_9598e-1024x683.jpg\" alt=\"\" class=\"wp-image-235\" srcset=\"https:\/\/www.topstick.cz\/wp-content\/uploads\/2024\/09\/FR_9598e-1024x683.jpg 1024w, https:\/\/www.topstick.cz\/wp-content\/uploads\/2024\/09\/FR_9598e-300x200.jpg 300w, https:\/\/www.topstick.cz\/wp-content\/uploads\/2024\/09\/FR_9598e-768x512.jpg 768w, https:\/\/www.topstick.cz\/wp-content\/uploads\/2024\/09\/FR_9598e-1536x1024.jpg 1536w, https:\/\/www.topstick.cz\/wp-content\/uploads\/2024\/09\/FR_9598e-2048x1365.jpg 2048w\" sizes=\"auto, (max-width: 1024px) 100vw, 1024px\" \/><\/figure>\n\n\n\n<figure class=\"wp-block-image size-large\"><img loading=\"lazy\" decoding=\"async\" width=\"1024\" height=\"683\" data-id=\"232\" src=\"https:\/\/www.topstick.cz\/wp-content\/uploads\/2024\/09\/FR_9495s-1024x683.jpg\" alt=\"\" class=\"wp-image-232\" srcset=\"https:\/\/www.topstick.cz\/wp-content\/uploads\/2024\/09\/FR_9495s-1024x683.jpg 1024w, https:\/\/www.topstick.cz\/wp-content\/uploads\/2024\/09\/FR_9495s-300x200.jpg 300w, https:\/\/www.topstick.cz\/wp-content\/uploads\/2024\/09\/FR_9495s-768x512.jpg 768w, https:\/\/www.topstick.cz\/wp-content\/uploads\/2024\/09\/FR_9495s-1536x1024.jpg 1536w, https:\/\/www.topstick.cz\/wp-content\/uploads\/2024\/09\/FR_9495s-2048x1365.jpg 2048w\" sizes=\"auto, (max-width: 1024px) 100vw, 1024px\" \/><\/figure>\n\n\n\n<figure class=\"wp-block-image size-large\"><img loading=\"lazy\" decoding=\"async\" width=\"1024\" height=\"680\" data-id=\"172\" src=\"https:\/\/www.topstick.cz\/wp-content\/uploads\/2024\/07\/FR_9576d-1-1024x680.jpg\" alt=\"\" class=\"wp-image-172\" srcset=\"https:\/\/www.topstick.cz\/wp-content\/uploads\/2024\/07\/FR_9576d-1-1024x680.jpg 1024w, https:\/\/www.topstick.cz\/wp-content\/uploads\/2024\/07\/FR_9576d-1-300x199.jpg 300w, https:\/\/www.topstick.cz\/wp-content\/uploads\/2024\/07\/FR_9576d-1-768x510.jpg 768w, https:\/\/www.topstick.cz\/wp-content\/uploads\/2024\/07\/FR_9576d-1-1536x1021.jpg 1536w, https:\/\/www.topstick.cz\/wp-content\/uploads\/2024\/07\/FR_9576d-1-2048x1361.jpg 2048w\" sizes=\"auto, (max-width: 1024px) 100vw, 1024px\" \/><\/figure>\n\n\n\n<figure class=\"wp-block-image size-large\"><img loading=\"lazy\" decoding=\"async\" width=\"1024\" height=\"716\" data-id=\"93\" src=\"https:\/\/www.topstick.cz\/wp-content\/uploads\/2024\/07\/FR_9610-1024x716.jpg\" alt=\"\" class=\"wp-image-93\" srcset=\"https:\/\/www.topstick.cz\/wp-content\/uploads\/2024\/07\/FR_9610-1024x716.jpg 1024w, https:\/\/www.topstick.cz\/wp-content\/uploads\/2024\/07\/FR_9610-300x210.jpg 300w, https:\/\/www.topstick.cz\/wp-content\/uploads\/2024\/07\/FR_9610-768x537.jpg 768w, https:\/\/www.topstick.cz\/wp-content\/uploads\/2024\/07\/FR_9610-1536x1074.jpg 1536w, https:\/\/www.topstick.cz\/wp-content\/uploads\/2024\/07\/FR_9610-2048x1432.jpg 2048w\" sizes=\"auto, (max-width: 1024px) 100vw, 1024px\" \/><\/figure>\n\n\n\n<figure class=\"wp-block-image size-large\"><img loading=\"lazy\" decoding=\"async\" width=\"1024\" height=\"683\" data-id=\"92\" src=\"https:\/\/www.topstick.cz\/wp-content\/uploads\/2024\/07\/FR_9609d-1024x683.jpg\" alt=\"\" class=\"wp-image-92\" srcset=\"https:\/\/www.topstick.cz\/wp-content\/uploads\/2024\/07\/FR_9609d-1024x683.jpg 1024w, https:\/\/www.topstick.cz\/wp-content\/uploads\/2024\/07\/FR_9609d-300x200.jpg 300w, https:\/\/www.topstick.cz\/wp-content\/uploads\/2024\/07\/FR_9609d-768x512.jpg 768w, https:\/\/www.topstick.cz\/wp-content\/uploads\/2024\/07\/FR_9609d-1536x1024.jpg 1536w, https:\/\/www.topstick.cz\/wp-content\/uploads\/2024\/07\/FR_9609d-2048x1365.jpg 2048w\" sizes=\"auto, (max-width: 1024px) 100vw, 1024px\" \/><\/figure>\n<\/figure>\n\n\n\n<div class=\"wp-block-columns is-layout-flex wp-container-core-columns-is-layout-28f84493 wp-block-columns-is-layout-flex\">\n<div class=\"wp-block-column is-layout-flow wp-block-column-is-layout-flow\"><\/div>\n<\/div>\n\n\n\n<div class=\"wp-block-columns is-layout-flex wp-container-core-columns-is-layout-28f84493 wp-block-columns-is-layout-flex\">\n<div class=\"wp-block-column is-layout-flow wp-block-column-is-layout-flow\"><\/div>\n<\/div>\n\n\n\n<p><\/p>\n","protected":false},"excerpt":{"rendered":"<p>CO D\u011aL\u00c1ME Jsme t\u00fdm mnoha talent\u016f. Spojujeme \u0159emeslnou zru\u010dnost, kreativitu, dovednost, pe\u010dlivost, inovativn\u00ed n\u00e1pady a zku\u0161enosti. Na\u0161e filozofie kombinuj\u00edc\u00ed klasick\u00e9 vy\u0161\u00edvac\u00ed techniky s nejnov\u011bj\u0161\u00ed technologi\u00ed CAD n\u00e1m umo\u017e\u0148uje interpretovat textiln\u00ed um\u011bn\u00ed st\u00e1le nov\u00fdmi zp\u016fsoby. Ka\u017ed\u00e1 na\u0161e v\u00fd\u0161ivka je vz\u00e1cn\u00fdm kouskem luxusu. Pracujeme pro kolekce Haute Couture a Pr\u00eat-\u00e0-porter v Pa\u0159\u00ed\u017ei, Mil\u00e1n\u011b nebo New Yorku, zdob\u00edme [&hellip;]<\/p>\n","protected":false},"author":1,"featured_media":0,"parent":0,"menu_order":0,"comment_status":"closed","ping_status":"closed","template":"","meta":{"footnotes":""},"class_list":["post-46","page","type-page","status-publish","hentry"],"_links":{"self":[{"href":"https:\/\/www.topstick.cz\/index.php\/wp-json\/wp\/v2\/pages\/46","targetHints":{"allow":["GET"]}}],"collection":[{"href":"https:\/\/www.topstick.cz\/index.php\/wp-json\/wp\/v2\/pages"}],"about":[{"href":"https:\/\/www.topstick.cz\/index.php\/wp-json\/wp\/v2\/types\/page"}],"author":[{"embeddable":true,"href":"https:\/\/www.topstick.cz\/index.php\/wp-json\/wp\/v2\/users\/1"}],"replies":[{"embeddable":true,"href":"https:\/\/www.topstick.cz\/index.php\/wp-json\/wp\/v2\/comments?post=46"}],"version-history":[{"count":14,"href":"https:\/\/www.topstick.cz\/index.php\/wp-json\/wp\/v2\/pages\/46\/revisions"}],"predecessor-version":[{"id":357,"href":"https:\/\/www.topstick.cz\/index.php\/wp-json\/wp\/v2\/pages\/46\/revisions\/357"}],"wp:attachment":[{"href":"https:\/\/www.topstick.cz\/index.php\/wp-json\/wp\/v2\/media?parent=46"}],"curies":[{"name":"wp","href":"https:\/\/api.w.org\/{rel}","templated":true}]}}