{"id":48,"date":"2024-07-15T10:57:53","date_gmt":"2024-07-15T08:57:53","guid":{"rendered":"https:\/\/www.topstick.cz\/?page_id=48"},"modified":"2024-11-21T08:07:57","modified_gmt":"2024-11-21T07:07:57","slug":"kontakt","status":"publish","type":"page","link":"https:\/\/www.topstick.cz\/index.php\/kontakt\/","title":{"rendered":"Kontakt"},"content":{"rendered":"\n<h2 class=\"wp-block-heading has-text-align-center\">KONTAKT<\/h2>\n\n\n\n<p class=\"has-text-align-center has-medium-font-size\" style=\"font-style:normal;font-weight:500\"><strong>Topstick strojn\u00ed vy\u0161\u00edv\u00e1n\u00ed s.r.o.<\/strong><br>V\u00a0z\u00e1ti\u0161\u00ed 739<br>35801 Kraslice<br>\u010cESK\u00c1 REPUBLIKA<\/p>\n\n\n\n<p class=\"has-text-align-center has-medium-font-size\" style=\"font-style:normal;font-weight:500\"><strong>tel.<\/strong> 00420 352 686 118<br><strong>email:<\/strong> <a href=\"mailto:info@topstick.cz\">info@topstick.cz<\/a><\/p>\n\n\n\n<p><\/p>\n","protected":false},"excerpt":{"rendered":"<p>KONTAKT Topstick strojn\u00ed vy\u0161\u00edv\u00e1n\u00ed s.r.o.V\u00a0z\u00e1ti\u0161\u00ed 73935801 Kraslice\u010cESK\u00c1 REPUBLIKA tel. 00420 352 686 118email: info@topstick.cz<\/p>\n","protected":false},"author":1,"featured_media":0,"parent":0,"menu_order":0,"comment_status":"closed","ping_status":"closed","template":"","meta":{"footnotes":""},"class_list":["post-48","page","type-page","status-publish","hentry"],"_links":{"self":[{"href":"https:\/\/www.topstick.cz\/index.php\/wp-json\/wp\/v2\/pages\/48","targetHints":{"allow":["GET"]}}],"collection":[{"href":"https:\/\/www.topstick.cz\/index.php\/wp-json\/wp\/v2\/pages"}],"about":[{"href":"https:\/\/www.topstick.cz\/index.php\/wp-json\/wp\/v2\/types\/page"}],"author":[{"embeddable":true,"href":"https:\/\/www.topstick.cz\/index.php\/wp-json\/wp\/v2\/users\/1"}],"replies":[{"embeddable":true,"href":"https:\/\/www.topstick.cz\/index.php\/wp-json\/wp\/v2\/comments?post=48"}],"version-history":[{"count":8,"href":"https:\/\/www.topstick.cz\/index.php\/wp-json\/wp\/v2\/pages\/48\/revisions"}],"predecessor-version":[{"id":358,"href":"https:\/\/www.topstick.cz\/index.php\/wp-json\/wp\/v2\/pages\/48\/revisions\/358"}],"wp:attachment":[{"href":"https:\/\/www.topstick.cz\/index.php\/wp-json\/wp\/v2\/media?parent=48"}],"curies":[{"name":"wp","href":"https:\/\/api.w.org\/{rel}","templated":true}]}}